{"id":106,"date":"2025-02-07T13:34:03","date_gmt":"2025-02-07T17:34:03","guid":{"rendered":"https:\/\/www.drstephaniemelanson.ca\/?page_id=106"},"modified":"2026-05-01T10:25:09","modified_gmt":"2026-05-01T13:25:09","slug":"accueil","status":"publish","type":"page","link":"https:\/\/www.drstephaniemelanson.ca\/fr\/","title":{"rendered":"Accueil"},"content":{"rendered":"","protected":false},"excerpt":{"rendered":"","protected":false},"author":1,"featured_media":288,"parent":0,"menu_order":0,"comment_status":"closed","ping_status":"closed","template":"","meta":{"footnotes":""},"class_list":["post-106","page","type-page","status-publish","has-post-thumbnail","hentry"],"yoast_head":"<!-- This site is optimized with the Yoast SEO plugin v27.4 - https:\/\/yoast.com\/product\/yoast-seo-wordpress\/ -->\n<title>Dre Stephanie Melanson - M\u00e9decine sportive - Moncton, NB<\/title>\n<meta name=\"description\" content=\"Optimisez votre corps et retrouvez force et mobilit\u00e9 gr\u00e2ce \u00e0 des soins de m\u00e9decine sportive experts \u00e0 Moncton, NB. Du diagnostic des blessures \u00e0 la r\u00e9\u00e9ducation et la pr\u00e9vention, nous vous aidons \u00e0 r\u00e9cup\u00e9rer, \u00e9viter les blessures et mieux bouger. Prenez rendez-vous d\u00e8s aujourd&#039;hui.\" \/>\n<meta name=\"robots\" content=\"index, follow, max-snippet:-1, max-image-preview:large, max-video-preview:-1\" \/>\n<link rel=\"canonical\" href=\"https:\/\/www.drstephaniemelanson.ca\/fr\/\" \/>\n<meta property=\"og:locale\" content=\"fr_FR\" \/>\n<meta property=\"og:type\" content=\"article\" \/>\n<meta property=\"og:title\" content=\"Dre Stephanie Melanson - M\u00e9decine sportive - Moncton, NB\" \/>\n<meta property=\"og:description\" content=\"Optimisez votre corps et retrouvez force et mobilit\u00e9 gr\u00e2ce \u00e0 des soins de m\u00e9decine sportive experts \u00e0 Moncton, NB. Du diagnostic des blessures \u00e0 la r\u00e9\u00e9ducation et la pr\u00e9vention, nous vous aidons \u00e0 r\u00e9cup\u00e9rer, \u00e9viter les blessures et mieux bouger. Prenez rendez-vous d\u00e8s aujourd&#039;hui.\" \/>\n<meta property=\"og:url\" content=\"https:\/\/www.drstephaniemelanson.ca\/fr\/\" \/>\n<meta property=\"og:site_name\" content=\"Dre Stephanie Melanson\" \/>\n<meta property=\"article:modified_time\" content=\"2026-05-01T13:25:09+00:00\" \/>\n<meta property=\"og:image\" content=\"https:\/\/www.drstephaniemelanson.ca\/wp-content\/uploads\/sites\/64\/2025\/11\/relay-runner-up-close.jpg\" \/>\n\t<meta property=\"og:image:width\" content=\"1800\" \/>\n\t<meta property=\"og:image:height\" content=\"900\" \/>\n\t<meta property=\"og:image:type\" content=\"image\/jpeg\" \/>\n<meta name=\"twitter:card\" content=\"summary_large_image\" \/>\n<script type=\"application\/ld+json\" class=\"yoast-schema-graph\">{\"@context\":\"https:\\\/\\\/schema.org\",\"@graph\":[{\"@type\":\"WebPage\",\"@id\":\"https:\\\/\\\/www.drstephaniemelanson.ca\\\/fr\\\/\",\"url\":\"https:\\\/\\\/www.drstephaniemelanson.ca\\\/fr\\\/\",\"name\":\"Dre Stephanie Melanson - M\u00e9decine sportive - Moncton, NB\",\"isPartOf\":{\"@id\":\"https:\\\/\\\/www.drstephaniemelanson.ca\\\/fr\\\/#website\"},\"primaryImageOfPage\":{\"@id\":\"https:\\\/\\\/www.drstephaniemelanson.ca\\\/fr\\\/#primaryimage\"},\"image\":{\"@id\":\"https:\\\/\\\/www.drstephaniemelanson.ca\\\/fr\\\/#primaryimage\"},\"thumbnailUrl\":\"https:\\\/\\\/www.drstephaniemelanson.ca\\\/wp-content\\\/uploads\\\/sites\\\/64\\\/2025\\\/11\\\/relay-runner-up-close.jpg\",\"datePublished\":\"2025-02-07T17:34:03+00:00\",\"dateModified\":\"2026-05-01T13:25:09+00:00\",\"description\":\"Optimisez votre corps et retrouvez force et mobilit\u00e9 gr\u00e2ce \u00e0 des soins de m\u00e9decine sportive experts \u00e0 Moncton, NB. Du diagnostic des blessures \u00e0 la r\u00e9\u00e9ducation et la pr\u00e9vention, nous vous aidons \u00e0 r\u00e9cup\u00e9rer, \u00e9viter les blessures et mieux bouger. Prenez rendez-vous d\u00e8s aujourd'hui.\",\"breadcrumb\":{\"@id\":\"https:\\\/\\\/www.drstephaniemelanson.ca\\\/fr\\\/#breadcrumb\"},\"inLanguage\":\"fr-FR\",\"potentialAction\":[{\"@type\":\"ReadAction\",\"target\":[\"https:\\\/\\\/www.drstephaniemelanson.ca\\\/fr\\\/\"]}]},{\"@type\":\"ImageObject\",\"inLanguage\":\"fr-FR\",\"@id\":\"https:\\\/\\\/www.drstephaniemelanson.ca\\\/fr\\\/#primaryimage\",\"url\":\"https:\\\/\\\/www.drstephaniemelanson.ca\\\/wp-content\\\/uploads\\\/sites\\\/64\\\/2025\\\/11\\\/relay-runner-up-close.jpg\",\"contentUrl\":\"https:\\\/\\\/www.drstephaniemelanson.ca\\\/wp-content\\\/uploads\\\/sites\\\/64\\\/2025\\\/11\\\/relay-runner-up-close.jpg\",\"width\":1800,\"height\":900,\"caption\":\"Coureur de relais de pr\u00e8s\"},{\"@type\":\"BreadcrumbList\",\"@id\":\"https:\\\/\\\/www.drstephaniemelanson.ca\\\/fr\\\/#breadcrumb\",\"itemListElement\":[{\"@type\":\"ListItem\",\"position\":1,\"name\":\"Home\",\"item\":\"https:\\\/\\\/www.drstephaniemelanson.ca\\\/fr\\\/\"},{\"@type\":\"ListItem\",\"position\":2,\"name\":\"Accueil\"}]},{\"@type\":\"WebSite\",\"@id\":\"https:\\\/\\\/www.drstephaniemelanson.ca\\\/fr\\\/#website\",\"url\":\"https:\\\/\\\/www.drstephaniemelanson.ca\\\/fr\\\/\",\"name\":\"Dr. Stephanie Melanson\",\"description\":\"\",\"publisher\":{\"@id\":\"https:\\\/\\\/www.drstephaniemelanson.ca\\\/fr\\\/#organization\"},\"potentialAction\":[{\"@type\":\"SearchAction\",\"target\":{\"@type\":\"EntryPoint\",\"urlTemplate\":\"https:\\\/\\\/www.drstephaniemelanson.ca\\\/fr\\\/?s={search_term_string}\"},\"query-input\":{\"@type\":\"PropertyValueSpecification\",\"valueRequired\":true,\"valueName\":\"search_term_string\"}}],\"inLanguage\":\"fr-FR\"},{\"@type\":\"Organization\",\"@id\":\"https:\\\/\\\/www.drstephaniemelanson.ca\\\/fr\\\/#organization\",\"name\":\"Dr. Stephanie Melanson\",\"url\":\"https:\\\/\\\/www.drstephaniemelanson.ca\\\/fr\\\/\",\"logo\":{\"@type\":\"ImageObject\",\"inLanguage\":\"fr-FR\",\"@id\":\"https:\\\/\\\/www.drstephaniemelanson.ca\\\/fr\\\/#\\\/schema\\\/logo\\\/image\\\/\",\"url\":\"https:\\\/\\\/www.drstephaniemelanson.ca\\\/wp-content\\\/uploads\\\/sites\\\/64\\\/2025\\\/08\\\/cropped-drsm-favicon.png\",\"contentUrl\":\"https:\\\/\\\/www.drstephaniemelanson.ca\\\/wp-content\\\/uploads\\\/sites\\\/64\\\/2025\\\/08\\\/cropped-drsm-favicon.png\",\"width\":512,\"height\":512,\"caption\":\"Dr. Stephanie Melanson\"},\"image\":{\"@id\":\"https:\\\/\\\/www.drstephaniemelanson.ca\\\/fr\\\/#\\\/schema\\\/logo\\\/image\\\/\"},\"sameAs\":[\"https:\\\/\\\/www.linkedin.com\\\/in\\\/stephanie-melanson-62983672\"]}]}<\/script>\n<!-- \/ Yoast SEO plugin. -->","yoast_head_json":{"title":"Dre Stephanie Melanson - M\u00e9decine sportive - Moncton, NB","description":"Optimisez votre corps et retrouvez force et mobilit\u00e9 gr\u00e2ce \u00e0 des soins de m\u00e9decine sportive experts \u00e0 Moncton, NB. Du diagnostic des blessures \u00e0 la r\u00e9\u00e9ducation et la pr\u00e9vention, nous vous aidons \u00e0 r\u00e9cup\u00e9rer, \u00e9viter les blessures et mieux bouger. Prenez rendez-vous d\u00e8s aujourd'hui.","robots":{"index":"index","follow":"follow","max-snippet":"max-snippet:-1","max-image-preview":"max-image-preview:large","max-video-preview":"max-video-preview:-1"},"canonical":"https:\/\/www.drstephaniemelanson.ca\/fr\/","og_locale":"fr_FR","og_type":"article","og_title":"Dre Stephanie Melanson - M\u00e9decine sportive - Moncton, NB","og_description":"Optimisez votre corps et retrouvez force et mobilit\u00e9 gr\u00e2ce \u00e0 des soins de m\u00e9decine sportive experts \u00e0 Moncton, NB. Du diagnostic des blessures \u00e0 la r\u00e9\u00e9ducation et la pr\u00e9vention, nous vous aidons \u00e0 r\u00e9cup\u00e9rer, \u00e9viter les blessures et mieux bouger. Prenez rendez-vous d\u00e8s aujourd'hui.","og_url":"https:\/\/www.drstephaniemelanson.ca\/fr\/","og_site_name":"Dre Stephanie Melanson","article_modified_time":"2026-05-01T13:25:09+00:00","og_image":[{"width":1800,"height":900,"url":"https:\/\/www.drstephaniemelanson.ca\/wp-content\/uploads\/sites\/64\/2025\/11\/relay-runner-up-close.jpg","type":"image\/jpeg"}],"twitter_card":"summary_large_image","schema":{"@context":"https:\/\/schema.org","@graph":[{"@type":"WebPage","@id":"https:\/\/www.drstephaniemelanson.ca\/fr\/","url":"https:\/\/www.drstephaniemelanson.ca\/fr\/","name":"Dre Stephanie Melanson - M\u00e9decine sportive - Moncton, NB","isPartOf":{"@id":"https:\/\/www.drstephaniemelanson.ca\/fr\/#website"},"primaryImageOfPage":{"@id":"https:\/\/www.drstephaniemelanson.ca\/fr\/#primaryimage"},"image":{"@id":"https:\/\/www.drstephaniemelanson.ca\/fr\/#primaryimage"},"thumbnailUrl":"https:\/\/www.drstephaniemelanson.ca\/wp-content\/uploads\/sites\/64\/2025\/11\/relay-runner-up-close.jpg","datePublished":"2025-02-07T17:34:03+00:00","dateModified":"2026-05-01T13:25:09+00:00","description":"Optimisez votre corps et retrouvez force et mobilit\u00e9 gr\u00e2ce \u00e0 des soins de m\u00e9decine sportive experts \u00e0 Moncton, NB. Du diagnostic des blessures \u00e0 la r\u00e9\u00e9ducation et la pr\u00e9vention, nous vous aidons \u00e0 r\u00e9cup\u00e9rer, \u00e9viter les blessures et mieux bouger. Prenez rendez-vous d\u00e8s aujourd'hui.","breadcrumb":{"@id":"https:\/\/www.drstephaniemelanson.ca\/fr\/#breadcrumb"},"inLanguage":"fr-FR","potentialAction":[{"@type":"ReadAction","target":["https:\/\/www.drstephaniemelanson.ca\/fr\/"]}]},{"@type":"ImageObject","inLanguage":"fr-FR","@id":"https:\/\/www.drstephaniemelanson.ca\/fr\/#primaryimage","url":"https:\/\/www.drstephaniemelanson.ca\/wp-content\/uploads\/sites\/64\/2025\/11\/relay-runner-up-close.jpg","contentUrl":"https:\/\/www.drstephaniemelanson.ca\/wp-content\/uploads\/sites\/64\/2025\/11\/relay-runner-up-close.jpg","width":1800,"height":900,"caption":"Coureur de relais de pr\u00e8s"},{"@type":"BreadcrumbList","@id":"https:\/\/www.drstephaniemelanson.ca\/fr\/#breadcrumb","itemListElement":[{"@type":"ListItem","position":1,"name":"Home","item":"https:\/\/www.drstephaniemelanson.ca\/fr\/"},{"@type":"ListItem","position":2,"name":"Accueil"}]},{"@type":"WebSite","@id":"https:\/\/www.drstephaniemelanson.ca\/fr\/#website","url":"https:\/\/www.drstephaniemelanson.ca\/fr\/","name":"Dr. Stephanie Melanson","description":"","publisher":{"@id":"https:\/\/www.drstephaniemelanson.ca\/fr\/#organization"},"potentialAction":[{"@type":"SearchAction","target":{"@type":"EntryPoint","urlTemplate":"https:\/\/www.drstephaniemelanson.ca\/fr\/?s={search_term_string}"},"query-input":{"@type":"PropertyValueSpecification","valueRequired":true,"valueName":"search_term_string"}}],"inLanguage":"fr-FR"},{"@type":"Organization","@id":"https:\/\/www.drstephaniemelanson.ca\/fr\/#organization","name":"Dr. Stephanie Melanson","url":"https:\/\/www.drstephaniemelanson.ca\/fr\/","logo":{"@type":"ImageObject","inLanguage":"fr-FR","@id":"https:\/\/www.drstephaniemelanson.ca\/fr\/#\/schema\/logo\/image\/","url":"https:\/\/www.drstephaniemelanson.ca\/wp-content\/uploads\/sites\/64\/2025\/08\/cropped-drsm-favicon.png","contentUrl":"https:\/\/www.drstephaniemelanson.ca\/wp-content\/uploads\/sites\/64\/2025\/08\/cropped-drsm-favicon.png","width":512,"height":512,"caption":"Dr. Stephanie Melanson"},"image":{"@id":"https:\/\/www.drstephaniemelanson.ca\/fr\/#\/schema\/logo\/image\/"},"sameAs":["https:\/\/www.linkedin.com\/in\/stephanie-melanson-62983672"]}]}},"_links":{"self":[{"href":"https:\/\/www.drstephaniemelanson.ca\/fr\/wp-json\/wp\/v2\/pages\/106","targetHints":{"allow":["GET"]}}],"collection":[{"href":"https:\/\/www.drstephaniemelanson.ca\/fr\/wp-json\/wp\/v2\/pages"}],"about":[{"href":"https:\/\/www.drstephaniemelanson.ca\/fr\/wp-json\/wp\/v2\/types\/page"}],"author":[{"embeddable":true,"href":"https:\/\/www.drstephaniemelanson.ca\/fr\/wp-json\/wp\/v2\/users\/1"}],"replies":[{"embeddable":true,"href":"https:\/\/www.drstephaniemelanson.ca\/fr\/wp-json\/wp\/v2\/comments?post=106"}],"version-history":[{"count":1,"href":"https:\/\/www.drstephaniemelanson.ca\/fr\/wp-json\/wp\/v2\/pages\/106\/revisions"}],"predecessor-version":[{"id":107,"href":"https:\/\/www.drstephaniemelanson.ca\/fr\/wp-json\/wp\/v2\/pages\/106\/revisions\/107"}],"wp:featuredmedia":[{"embeddable":true,"href":"https:\/\/www.drstephaniemelanson.ca\/fr\/wp-json\/wp\/v2\/media\/288"}],"wp:attachment":[{"href":"https:\/\/www.drstephaniemelanson.ca\/fr\/wp-json\/wp\/v2\/media?parent=106"}],"curies":[{"name":"wp","href":"https:\/\/api.w.org\/{rel}","templated":true}]}}