{"id":133,"date":"2025-03-24T14:16:35","date_gmt":"2025-03-24T17:16:35","guid":{"rendered":"https:\/\/www.drstephaniemelanson.ca\/?page_id=133"},"modified":"2025-11-12T16:15:35","modified_gmt":"2025-11-12T20:15:35","slug":"ressources","status":"publish","type":"page","link":"https:\/\/www.drstephaniemelanson.ca\/fr\/ressources\/","title":{"rendered":"Ressources"},"content":{"rendered":"","protected":false},"excerpt":{"rendered":"","protected":false},"author":1,"featured_media":0,"parent":0,"menu_order":0,"comment_status":"closed","ping_status":"closed","template":"","meta":{"footnotes":""},"class_list":["post-133","page","type-page","status-publish","hentry"],"yoast_head":"<!-- This site is optimized with the Yoast SEO plugin v27.4 - https:\/\/yoast.com\/product\/yoast-seo-wordpress\/ -->\n<title>Ressources pour une vie active et la gestion de la douleur - Dre Stephanie Melanson<\/title>\n<meta name=\"description\" content=\"Acc\u00e9dez \u00e0 des ressources utiles pour r\u00e9duire la douleur, renforcer votre corps et rester actif en toute s\u00e9curit\u00e9. D\u00e9couvrez des programmes d&#039;exercice, des guides, des outils sur les commotions et des conseils d&#039;experts pour rester en sant\u00e9 \u00e0 tout \u00e2ge.\" \/>\n<meta name=\"robots\" content=\"index, follow, max-snippet:-1, max-image-preview:large, max-video-preview:-1\" \/>\n<link rel=\"canonical\" href=\"https:\/\/www.drstephaniemelanson.ca\/fr\/ressources\/\" \/>\n<meta property=\"og:locale\" content=\"fr_FR\" \/>\n<meta property=\"og:type\" content=\"article\" \/>\n<meta property=\"og:title\" content=\"Ressources pour une vie active et la gestion de la douleur - Dre Stephanie Melanson\" \/>\n<meta property=\"og:description\" content=\"Acc\u00e9dez \u00e0 des ressources utiles pour r\u00e9duire la douleur, renforcer votre corps et rester actif en toute s\u00e9curit\u00e9. D\u00e9couvrez des programmes d&#039;exercice, des guides, des outils sur les commotions et des conseils d&#039;experts pour rester en sant\u00e9 \u00e0 tout \u00e2ge.\" \/>\n<meta property=\"og:url\" content=\"https:\/\/www.drstephaniemelanson.ca\/fr\/ressources\/\" \/>\n<meta property=\"og:site_name\" content=\"Dre Stephanie Melanson\" \/>\n<meta property=\"article:modified_time\" content=\"2025-11-12T20:15:35+00:00\" \/>\n<meta property=\"og:image\" content=\"https:\/\/www.drstephaniemelanson.ca\/wp-content\/uploads\/sites\/64\/2025\/11\/relay-runner-up-close.jpg\" \/>\n\t<meta property=\"og:image:width\" content=\"1800\" \/>\n\t<meta property=\"og:image:height\" content=\"900\" \/>\n\t<meta property=\"og:image:type\" content=\"image\/jpeg\" \/>\n<meta name=\"twitter:card\" content=\"summary_large_image\" \/>\n<script type=\"application\/ld+json\" class=\"yoast-schema-graph\">{\"@context\":\"https:\\\/\\\/schema.org\",\"@graph\":[{\"@type\":\"WebPage\",\"@id\":\"https:\\\/\\\/www.drstephaniemelanson.ca\\\/fr\\\/ressources\\\/\",\"url\":\"https:\\\/\\\/www.drstephaniemelanson.ca\\\/fr\\\/ressources\\\/\",\"name\":\"Ressources pour une vie active et la gestion de la douleur - Dre Stephanie Melanson\",\"isPartOf\":{\"@id\":\"https:\\\/\\\/www.drstephaniemelanson.ca\\\/fr\\\/#website\"},\"datePublished\":\"2025-03-24T17:16:35+00:00\",\"dateModified\":\"2025-11-12T20:15:35+00:00\",\"description\":\"Acc\u00e9dez \u00e0 des ressources utiles pour r\u00e9duire la douleur, renforcer votre corps et rester actif en toute s\u00e9curit\u00e9. D\u00e9couvrez des programmes d'exercice, des guides, des outils sur les commotions et des conseils d'experts pour rester en sant\u00e9 \u00e0 tout \u00e2ge.\",\"breadcrumb\":{\"@id\":\"https:\\\/\\\/www.drstephaniemelanson.ca\\\/fr\\\/ressources\\\/#breadcrumb\"},\"inLanguage\":\"fr-FR\",\"potentialAction\":[{\"@type\":\"ReadAction\",\"target\":[\"https:\\\/\\\/www.drstephaniemelanson.ca\\\/fr\\\/ressources\\\/\"]}]},{\"@type\":\"BreadcrumbList\",\"@id\":\"https:\\\/\\\/www.drstephaniemelanson.ca\\\/fr\\\/ressources\\\/#breadcrumb\",\"itemListElement\":[{\"@type\":\"ListItem\",\"position\":1,\"name\":\"Home\",\"item\":\"https:\\\/\\\/www.drstephaniemelanson.ca\\\/fr\\\/\"},{\"@type\":\"ListItem\",\"position\":2,\"name\":\"Ressources\"}]},{\"@type\":\"WebSite\",\"@id\":\"https:\\\/\\\/www.drstephaniemelanson.ca\\\/fr\\\/#website\",\"url\":\"https:\\\/\\\/www.drstephaniemelanson.ca\\\/fr\\\/\",\"name\":\"Dr. Stephanie Melanson\",\"description\":\"\",\"publisher\":{\"@id\":\"https:\\\/\\\/www.drstephaniemelanson.ca\\\/fr\\\/#organization\"},\"potentialAction\":[{\"@type\":\"SearchAction\",\"target\":{\"@type\":\"EntryPoint\",\"urlTemplate\":\"https:\\\/\\\/www.drstephaniemelanson.ca\\\/fr\\\/?s={search_term_string}\"},\"query-input\":{\"@type\":\"PropertyValueSpecification\",\"valueRequired\":true,\"valueName\":\"search_term_string\"}}],\"inLanguage\":\"fr-FR\"},{\"@type\":\"Organization\",\"@id\":\"https:\\\/\\\/www.drstephaniemelanson.ca\\\/fr\\\/#organization\",\"name\":\"Dr. Stephanie Melanson\",\"url\":\"https:\\\/\\\/www.drstephaniemelanson.ca\\\/fr\\\/\",\"logo\":{\"@type\":\"ImageObject\",\"inLanguage\":\"fr-FR\",\"@id\":\"https:\\\/\\\/www.drstephaniemelanson.ca\\\/fr\\\/#\\\/schema\\\/logo\\\/image\\\/\",\"url\":\"https:\\\/\\\/www.drstephaniemelanson.ca\\\/wp-content\\\/uploads\\\/sites\\\/64\\\/2025\\\/08\\\/cropped-drsm-favicon.png\",\"contentUrl\":\"https:\\\/\\\/www.drstephaniemelanson.ca\\\/wp-content\\\/uploads\\\/sites\\\/64\\\/2025\\\/08\\\/cropped-drsm-favicon.png\",\"width\":512,\"height\":512,\"caption\":\"Dr. Stephanie Melanson\"},\"image\":{\"@id\":\"https:\\\/\\\/www.drstephaniemelanson.ca\\\/fr\\\/#\\\/schema\\\/logo\\\/image\\\/\"},\"sameAs\":[\"https:\\\/\\\/www.linkedin.com\\\/in\\\/stephanie-melanson-62983672\"]}]}<\/script>\n<!-- \/ Yoast SEO plugin. -->","yoast_head_json":{"title":"Ressources pour une vie active et la gestion de la douleur - Dre Stephanie Melanson","description":"Acc\u00e9dez \u00e0 des ressources utiles pour r\u00e9duire la douleur, renforcer votre corps et rester actif en toute s\u00e9curit\u00e9. D\u00e9couvrez des programmes d'exercice, des guides, des outils sur les commotions et des conseils d'experts pour rester en sant\u00e9 \u00e0 tout \u00e2ge.","robots":{"index":"index","follow":"follow","max-snippet":"max-snippet:-1","max-image-preview":"max-image-preview:large","max-video-preview":"max-video-preview:-1"},"canonical":"https:\/\/www.drstephaniemelanson.ca\/fr\/ressources\/","og_locale":"fr_FR","og_type":"article","og_title":"Ressources pour une vie active et la gestion de la douleur - Dre Stephanie Melanson","og_description":"Acc\u00e9dez \u00e0 des ressources utiles pour r\u00e9duire la douleur, renforcer votre corps et rester actif en toute s\u00e9curit\u00e9. D\u00e9couvrez des programmes d'exercice, des guides, des outils sur les commotions et des conseils d'experts pour rester en sant\u00e9 \u00e0 tout \u00e2ge.","og_url":"https:\/\/www.drstephaniemelanson.ca\/fr\/ressources\/","og_site_name":"Dre Stephanie Melanson","article_modified_time":"2025-11-12T20:15:35+00:00","og_image":[{"width":1800,"height":900,"url":"https:\/\/www.drstephaniemelanson.ca\/wp-content\/uploads\/sites\/64\/2025\/11\/relay-runner-up-close.jpg","type":"image\/jpeg"}],"twitter_card":"summary_large_image","schema":{"@context":"https:\/\/schema.org","@graph":[{"@type":"WebPage","@id":"https:\/\/www.drstephaniemelanson.ca\/fr\/ressources\/","url":"https:\/\/www.drstephaniemelanson.ca\/fr\/ressources\/","name":"Ressources pour une vie active et la gestion de la douleur - Dre Stephanie Melanson","isPartOf":{"@id":"https:\/\/www.drstephaniemelanson.ca\/fr\/#website"},"datePublished":"2025-03-24T17:16:35+00:00","dateModified":"2025-11-12T20:15:35+00:00","description":"Acc\u00e9dez \u00e0 des ressources utiles pour r\u00e9duire la douleur, renforcer votre corps et rester actif en toute s\u00e9curit\u00e9. D\u00e9couvrez des programmes d'exercice, des guides, des outils sur les commotions et des conseils d'experts pour rester en sant\u00e9 \u00e0 tout \u00e2ge.","breadcrumb":{"@id":"https:\/\/www.drstephaniemelanson.ca\/fr\/ressources\/#breadcrumb"},"inLanguage":"fr-FR","potentialAction":[{"@type":"ReadAction","target":["https:\/\/www.drstephaniemelanson.ca\/fr\/ressources\/"]}]},{"@type":"BreadcrumbList","@id":"https:\/\/www.drstephaniemelanson.ca\/fr\/ressources\/#breadcrumb","itemListElement":[{"@type":"ListItem","position":1,"name":"Home","item":"https:\/\/www.drstephaniemelanson.ca\/fr\/"},{"@type":"ListItem","position":2,"name":"Ressources"}]},{"@type":"WebSite","@id":"https:\/\/www.drstephaniemelanson.ca\/fr\/#website","url":"https:\/\/www.drstephaniemelanson.ca\/fr\/","name":"Dr. Stephanie Melanson","description":"","publisher":{"@id":"https:\/\/www.drstephaniemelanson.ca\/fr\/#organization"},"potentialAction":[{"@type":"SearchAction","target":{"@type":"EntryPoint","urlTemplate":"https:\/\/www.drstephaniemelanson.ca\/fr\/?s={search_term_string}"},"query-input":{"@type":"PropertyValueSpecification","valueRequired":true,"valueName":"search_term_string"}}],"inLanguage":"fr-FR"},{"@type":"Organization","@id":"https:\/\/www.drstephaniemelanson.ca\/fr\/#organization","name":"Dr. Stephanie Melanson","url":"https:\/\/www.drstephaniemelanson.ca\/fr\/","logo":{"@type":"ImageObject","inLanguage":"fr-FR","@id":"https:\/\/www.drstephaniemelanson.ca\/fr\/#\/schema\/logo\/image\/","url":"https:\/\/www.drstephaniemelanson.ca\/wp-content\/uploads\/sites\/64\/2025\/08\/cropped-drsm-favicon.png","contentUrl":"https:\/\/www.drstephaniemelanson.ca\/wp-content\/uploads\/sites\/64\/2025\/08\/cropped-drsm-favicon.png","width":512,"height":512,"caption":"Dr. Stephanie Melanson"},"image":{"@id":"https:\/\/www.drstephaniemelanson.ca\/fr\/#\/schema\/logo\/image\/"},"sameAs":["https:\/\/www.linkedin.com\/in\/stephanie-melanson-62983672"]}]}},"_links":{"self":[{"href":"https:\/\/www.drstephaniemelanson.ca\/fr\/wp-json\/wp\/v2\/pages\/133","targetHints":{"allow":["GET"]}}],"collection":[{"href":"https:\/\/www.drstephaniemelanson.ca\/fr\/wp-json\/wp\/v2\/pages"}],"about":[{"href":"https:\/\/www.drstephaniemelanson.ca\/fr\/wp-json\/wp\/v2\/types\/page"}],"author":[{"embeddable":true,"href":"https:\/\/www.drstephaniemelanson.ca\/fr\/wp-json\/wp\/v2\/users\/1"}],"replies":[{"embeddable":true,"href":"https:\/\/www.drstephaniemelanson.ca\/fr\/wp-json\/wp\/v2\/comments?post=133"}],"version-history":[{"count":1,"href":"https:\/\/www.drstephaniemelanson.ca\/fr\/wp-json\/wp\/v2\/pages\/133\/revisions"}],"predecessor-version":[{"id":134,"href":"https:\/\/www.drstephaniemelanson.ca\/fr\/wp-json\/wp\/v2\/pages\/133\/revisions\/134"}],"wp:attachment":[{"href":"https:\/\/www.drstephaniemelanson.ca\/fr\/wp-json\/wp\/v2\/media?parent=133"}],"curies":[{"name":"wp","href":"https:\/\/api.w.org\/{rel}","templated":true}]}}