{"id":135,"date":"2025-03-24T13:39:54","date_gmt":"2025-03-24T16:39:54","guid":{"rendered":"https:\/\/www.drstephaniemelanson.ca\/?page_id=135"},"modified":"2026-05-01T10:25:40","modified_gmt":"2026-05-01T13:25:40","slug":"services","status":"publish","type":"page","link":"https:\/\/www.drstephaniemelanson.ca\/fr\/services\/","title":{"rendered":"Services"},"content":{"rendered":"","protected":false},"excerpt":{"rendered":"","protected":false},"author":1,"featured_media":0,"parent":0,"menu_order":0,"comment_status":"closed","ping_status":"closed","template":"","meta":{"footnotes":""},"class_list":["post-135","page","type-page","status-publish","hentry"],"yoast_head":"<!-- This site is optimized with the Yoast SEO plugin v27.4 - https:\/\/yoast.com\/product\/yoast-seo-wordpress\/ -->\n<title>M\u00e9decine sportive et r\u00e9adaptation des blessures - Dre Stephanie Melanson<\/title>\n<meta name=\"description\" content=\"D\u00e9couvrez des soins experts en r\u00e9cup\u00e9ration sportive, diagnostic des blessures, r\u00e9\u00e9ducation et strat\u00e9gies pr\u00e9ventives \u00e0 Moncton, NB. Retrouvez force et mobilit\u00e9, r\u00e9duisez la douleur et bougez mieux gr\u00e2ce \u00e0 des plans personnalis\u00e9s. Prenez rendez-vous d\u00e8s aujourd&#039;hui.\" \/>\n<meta name=\"robots\" content=\"index, follow, max-snippet:-1, max-image-preview:large, max-video-preview:-1\" \/>\n<link rel=\"canonical\" href=\"https:\/\/www.drstephaniemelanson.ca\/fr\/services\/\" \/>\n<meta property=\"og:locale\" content=\"fr_FR\" \/>\n<meta property=\"og:type\" content=\"article\" \/>\n<meta property=\"og:title\" content=\"M\u00e9decine sportive et r\u00e9adaptation des blessures - Dre Stephanie Melanson\" \/>\n<meta property=\"og:description\" content=\"D\u00e9couvrez des soins experts en r\u00e9cup\u00e9ration sportive, diagnostic des blessures, r\u00e9\u00e9ducation et strat\u00e9gies pr\u00e9ventives \u00e0 Moncton, NB. Retrouvez force et mobilit\u00e9, r\u00e9duisez la douleur et bougez mieux gr\u00e2ce \u00e0 des plans personnalis\u00e9s. Prenez rendez-vous d\u00e8s aujourd&#039;hui.\" \/>\n<meta property=\"og:url\" content=\"https:\/\/www.drstephaniemelanson.ca\/fr\/services\/\" \/>\n<meta property=\"og:site_name\" content=\"Dre Stephanie Melanson\" \/>\n<meta property=\"article:modified_time\" content=\"2026-05-01T13:25:40+00:00\" \/>\n<meta property=\"og:image\" content=\"https:\/\/www.drstephaniemelanson.ca\/wp-content\/uploads\/sites\/64\/2025\/11\/relay-runner-up-close.jpg\" \/>\n\t<meta property=\"og:image:width\" content=\"1800\" \/>\n\t<meta property=\"og:image:height\" content=\"900\" \/>\n\t<meta property=\"og:image:type\" content=\"image\/jpeg\" \/>\n<meta name=\"twitter:card\" content=\"summary_large_image\" \/>\n<script type=\"application\/ld+json\" class=\"yoast-schema-graph\">{\"@context\":\"https:\\\/\\\/schema.org\",\"@graph\":[{\"@type\":\"WebPage\",\"@id\":\"https:\\\/\\\/www.drstephaniemelanson.ca\\\/fr\\\/services\\\/\",\"url\":\"https:\\\/\\\/www.drstephaniemelanson.ca\\\/fr\\\/services\\\/\",\"name\":\"M\u00e9decine sportive et r\u00e9adaptation des blessures - Dre Stephanie Melanson\",\"isPartOf\":{\"@id\":\"https:\\\/\\\/www.drstephaniemelanson.ca\\\/fr\\\/#website\"},\"datePublished\":\"2025-03-24T16:39:54+00:00\",\"dateModified\":\"2026-05-01T13:25:40+00:00\",\"description\":\"D\u00e9couvrez des soins experts en r\u00e9cup\u00e9ration sportive, diagnostic des blessures, r\u00e9\u00e9ducation et strat\u00e9gies pr\u00e9ventives \u00e0 Moncton, NB. Retrouvez force et mobilit\u00e9, r\u00e9duisez la douleur et bougez mieux gr\u00e2ce \u00e0 des plans personnalis\u00e9s. Prenez rendez-vous d\u00e8s aujourd'hui.\",\"breadcrumb\":{\"@id\":\"https:\\\/\\\/www.drstephaniemelanson.ca\\\/fr\\\/services\\\/#breadcrumb\"},\"inLanguage\":\"fr-FR\",\"potentialAction\":[{\"@type\":\"ReadAction\",\"target\":[\"https:\\\/\\\/www.drstephaniemelanson.ca\\\/fr\\\/services\\\/\"]}]},{\"@type\":\"BreadcrumbList\",\"@id\":\"https:\\\/\\\/www.drstephaniemelanson.ca\\\/fr\\\/services\\\/#breadcrumb\",\"itemListElement\":[{\"@type\":\"ListItem\",\"position\":1,\"name\":\"Home\",\"item\":\"https:\\\/\\\/www.drstephaniemelanson.ca\\\/fr\\\/\"},{\"@type\":\"ListItem\",\"position\":2,\"name\":\"Services\"}]},{\"@type\":\"WebSite\",\"@id\":\"https:\\\/\\\/www.drstephaniemelanson.ca\\\/fr\\\/#website\",\"url\":\"https:\\\/\\\/www.drstephaniemelanson.ca\\\/fr\\\/\",\"name\":\"Dr. Stephanie Melanson\",\"description\":\"\",\"publisher\":{\"@id\":\"https:\\\/\\\/www.drstephaniemelanson.ca\\\/fr\\\/#organization\"},\"potentialAction\":[{\"@type\":\"SearchAction\",\"target\":{\"@type\":\"EntryPoint\",\"urlTemplate\":\"https:\\\/\\\/www.drstephaniemelanson.ca\\\/fr\\\/?s={search_term_string}\"},\"query-input\":{\"@type\":\"PropertyValueSpecification\",\"valueRequired\":true,\"valueName\":\"search_term_string\"}}],\"inLanguage\":\"fr-FR\"},{\"@type\":\"Organization\",\"@id\":\"https:\\\/\\\/www.drstephaniemelanson.ca\\\/fr\\\/#organization\",\"name\":\"Dr. Stephanie Melanson\",\"url\":\"https:\\\/\\\/www.drstephaniemelanson.ca\\\/fr\\\/\",\"logo\":{\"@type\":\"ImageObject\",\"inLanguage\":\"fr-FR\",\"@id\":\"https:\\\/\\\/www.drstephaniemelanson.ca\\\/fr\\\/#\\\/schema\\\/logo\\\/image\\\/\",\"url\":\"https:\\\/\\\/www.drstephaniemelanson.ca\\\/wp-content\\\/uploads\\\/sites\\\/64\\\/2025\\\/08\\\/cropped-drsm-favicon.png\",\"contentUrl\":\"https:\\\/\\\/www.drstephaniemelanson.ca\\\/wp-content\\\/uploads\\\/sites\\\/64\\\/2025\\\/08\\\/cropped-drsm-favicon.png\",\"width\":512,\"height\":512,\"caption\":\"Dr. Stephanie Melanson\"},\"image\":{\"@id\":\"https:\\\/\\\/www.drstephaniemelanson.ca\\\/fr\\\/#\\\/schema\\\/logo\\\/image\\\/\"},\"sameAs\":[\"https:\\\/\\\/www.linkedin.com\\\/in\\\/stephanie-melanson-62983672\"]}]}<\/script>\n<!-- \/ Yoast SEO plugin. -->","yoast_head_json":{"title":"M\u00e9decine sportive et r\u00e9adaptation des blessures - Dre Stephanie Melanson","description":"D\u00e9couvrez des soins experts en r\u00e9cup\u00e9ration sportive, diagnostic des blessures, r\u00e9\u00e9ducation et strat\u00e9gies pr\u00e9ventives \u00e0 Moncton, NB. Retrouvez force et mobilit\u00e9, r\u00e9duisez la douleur et bougez mieux gr\u00e2ce \u00e0 des plans personnalis\u00e9s. Prenez rendez-vous d\u00e8s aujourd'hui.","robots":{"index":"index","follow":"follow","max-snippet":"max-snippet:-1","max-image-preview":"max-image-preview:large","max-video-preview":"max-video-preview:-1"},"canonical":"https:\/\/www.drstephaniemelanson.ca\/fr\/services\/","og_locale":"fr_FR","og_type":"article","og_title":"M\u00e9decine sportive et r\u00e9adaptation des blessures - Dre Stephanie Melanson","og_description":"D\u00e9couvrez des soins experts en r\u00e9cup\u00e9ration sportive, diagnostic des blessures, r\u00e9\u00e9ducation et strat\u00e9gies pr\u00e9ventives \u00e0 Moncton, NB. Retrouvez force et mobilit\u00e9, r\u00e9duisez la douleur et bougez mieux gr\u00e2ce \u00e0 des plans personnalis\u00e9s. Prenez rendez-vous d\u00e8s aujourd'hui.","og_url":"https:\/\/www.drstephaniemelanson.ca\/fr\/services\/","og_site_name":"Dre Stephanie Melanson","article_modified_time":"2026-05-01T13:25:40+00:00","og_image":[{"width":1800,"height":900,"url":"https:\/\/www.drstephaniemelanson.ca\/wp-content\/uploads\/sites\/64\/2025\/11\/relay-runner-up-close.jpg","type":"image\/jpeg"}],"twitter_card":"summary_large_image","schema":{"@context":"https:\/\/schema.org","@graph":[{"@type":"WebPage","@id":"https:\/\/www.drstephaniemelanson.ca\/fr\/services\/","url":"https:\/\/www.drstephaniemelanson.ca\/fr\/services\/","name":"M\u00e9decine sportive et r\u00e9adaptation des blessures - Dre Stephanie Melanson","isPartOf":{"@id":"https:\/\/www.drstephaniemelanson.ca\/fr\/#website"},"datePublished":"2025-03-24T16:39:54+00:00","dateModified":"2026-05-01T13:25:40+00:00","description":"D\u00e9couvrez des soins experts en r\u00e9cup\u00e9ration sportive, diagnostic des blessures, r\u00e9\u00e9ducation et strat\u00e9gies pr\u00e9ventives \u00e0 Moncton, NB. Retrouvez force et mobilit\u00e9, r\u00e9duisez la douleur et bougez mieux gr\u00e2ce \u00e0 des plans personnalis\u00e9s. Prenez rendez-vous d\u00e8s aujourd'hui.","breadcrumb":{"@id":"https:\/\/www.drstephaniemelanson.ca\/fr\/services\/#breadcrumb"},"inLanguage":"fr-FR","potentialAction":[{"@type":"ReadAction","target":["https:\/\/www.drstephaniemelanson.ca\/fr\/services\/"]}]},{"@type":"BreadcrumbList","@id":"https:\/\/www.drstephaniemelanson.ca\/fr\/services\/#breadcrumb","itemListElement":[{"@type":"ListItem","position":1,"name":"Home","item":"https:\/\/www.drstephaniemelanson.ca\/fr\/"},{"@type":"ListItem","position":2,"name":"Services"}]},{"@type":"WebSite","@id":"https:\/\/www.drstephaniemelanson.ca\/fr\/#website","url":"https:\/\/www.drstephaniemelanson.ca\/fr\/","name":"Dr. Stephanie Melanson","description":"","publisher":{"@id":"https:\/\/www.drstephaniemelanson.ca\/fr\/#organization"},"potentialAction":[{"@type":"SearchAction","target":{"@type":"EntryPoint","urlTemplate":"https:\/\/www.drstephaniemelanson.ca\/fr\/?s={search_term_string}"},"query-input":{"@type":"PropertyValueSpecification","valueRequired":true,"valueName":"search_term_string"}}],"inLanguage":"fr-FR"},{"@type":"Organization","@id":"https:\/\/www.drstephaniemelanson.ca\/fr\/#organization","name":"Dr. Stephanie Melanson","url":"https:\/\/www.drstephaniemelanson.ca\/fr\/","logo":{"@type":"ImageObject","inLanguage":"fr-FR","@id":"https:\/\/www.drstephaniemelanson.ca\/fr\/#\/schema\/logo\/image\/","url":"https:\/\/www.drstephaniemelanson.ca\/wp-content\/uploads\/sites\/64\/2025\/08\/cropped-drsm-favicon.png","contentUrl":"https:\/\/www.drstephaniemelanson.ca\/wp-content\/uploads\/sites\/64\/2025\/08\/cropped-drsm-favicon.png","width":512,"height":512,"caption":"Dr. Stephanie Melanson"},"image":{"@id":"https:\/\/www.drstephaniemelanson.ca\/fr\/#\/schema\/logo\/image\/"},"sameAs":["https:\/\/www.linkedin.com\/in\/stephanie-melanson-62983672"]}]}},"_links":{"self":[{"href":"https:\/\/www.drstephaniemelanson.ca\/fr\/wp-json\/wp\/v2\/pages\/135","targetHints":{"allow":["GET"]}}],"collection":[{"href":"https:\/\/www.drstephaniemelanson.ca\/fr\/wp-json\/wp\/v2\/pages"}],"about":[{"href":"https:\/\/www.drstephaniemelanson.ca\/fr\/wp-json\/wp\/v2\/types\/page"}],"author":[{"embeddable":true,"href":"https:\/\/www.drstephaniemelanson.ca\/fr\/wp-json\/wp\/v2\/users\/1"}],"replies":[{"embeddable":true,"href":"https:\/\/www.drstephaniemelanson.ca\/fr\/wp-json\/wp\/v2\/comments?post=135"}],"version-history":[{"count":3,"href":"https:\/\/www.drstephaniemelanson.ca\/fr\/wp-json\/wp\/v2\/pages\/135\/revisions"}],"predecessor-version":[{"id":198,"href":"https:\/\/www.drstephaniemelanson.ca\/fr\/wp-json\/wp\/v2\/pages\/135\/revisions\/198"}],"wp:attachment":[{"href":"https:\/\/www.drstephaniemelanson.ca\/fr\/wp-json\/wp\/v2\/media?parent=135"}],"curies":[{"name":"wp","href":"https:\/\/api.w.org\/{rel}","templated":true}]}}